{"id":15,"date":"2025-11-05T13:02:52","date_gmt":"2025-11-05T13:02:52","guid":{"rendered":"http:\/\/heartsinmovement.com\/?page_id=15"},"modified":"2025-11-05T13:02:52","modified_gmt":"2025-11-05T13:02:52","slug":"a-propos","status":"publish","type":"page","link":"https:\/\/heartsinmovement.com\/index.php\/a-propos\/","title":{"rendered":"A propos"},"content":{"rendered":"\n<blockquote class=\"wp-block-quote is-layout-flow wp-block-quote-is-layout-flow\">\n<p>Hearts in Movement est une entreprise humanitaire d\u00e9di\u00e9e \u00e0 l\u2019am\u00e9lioration du quotidien des enfants dans le monde.<\/p>\n<\/blockquote>\n\n\n\n<blockquote class=\"wp-block-quote is-layout-flow wp-block-quote-is-layout-flow\">\n<p>Notre mission est simple : garantir que chaque enfant puisse grandir heureux, en bonne sant\u00e9 et avec acc\u00e8s \u00e0 l\u2019\u00e9ducation.<\/p>\n<\/blockquote>\n\n\n\n<blockquote class=\"wp-block-quote is-layout-flow wp-block-quote-is-layout-flow\">\n<p>Nous travaillons avec des partenaires locaux et internationaux pour cr\u00e9er des projets concrets, transparents et mesurables.<\/p>\n<\/blockquote>\n\n\n\n<blockquote class=\"wp-block-quote is-layout-flow wp-block-quote-is-layout-flow\">\n<p>Nous croyons qu\u2019avec un soutien coordonn\u00e9, m\u00eame de petites actions peuvent avoir un impact \u00e9norme.<\/p>\n<\/blockquote>\n","protected":false},"excerpt":{"rendered":"<p>Hearts in Movement est une entreprise humanitaire d\u00e9di\u00e9e \u00e0 l\u2019am\u00e9lioration du quotidien des enfants dans le monde. Notre mission est simple : garantir que chaque enfant puisse grandir heureux, en bonne sant\u00e9 et avec acc\u00e8s \u00e0 l\u2019\u00e9ducation. Nous travaillons avec des partenaires locaux et internationaux pour cr\u00e9er des projets concrets, transparents et mesurables. Nous croyons [&hellip;]<\/p>\n","protected":false},"author":1,"featured_media":0,"parent":0,"menu_order":0,"comment_status":"closed","ping_status":"closed","template":"","meta":{"footnotes":""},"class_list":["post-15","page","type-page","status-publish","hentry"],"_links":{"self":[{"href":"https:\/\/heartsinmovement.com\/index.php\/wp-json\/wp\/v2\/pages\/15","targetHints":{"allow":["GET"]}}],"collection":[{"href":"https:\/\/heartsinmovement.com\/index.php\/wp-json\/wp\/v2\/pages"}],"about":[{"href":"https:\/\/heartsinmovement.com\/index.php\/wp-json\/wp\/v2\/types\/page"}],"author":[{"embeddable":true,"href":"https:\/\/heartsinmovement.com\/index.php\/wp-json\/wp\/v2\/users\/1"}],"replies":[{"embeddable":true,"href":"https:\/\/heartsinmovement.com\/index.php\/wp-json\/wp\/v2\/comments?post=15"}],"version-history":[{"count":1,"href":"https:\/\/heartsinmovement.com\/index.php\/wp-json\/wp\/v2\/pages\/15\/revisions"}],"predecessor-version":[{"id":16,"href":"https:\/\/heartsinmovement.com\/index.php\/wp-json\/wp\/v2\/pages\/15\/revisions\/16"}],"wp:attachment":[{"href":"https:\/\/heartsinmovement.com\/index.php\/wp-json\/wp\/v2\/media?parent=15"}],"curies":[{"name":"wp","href":"https:\/\/api.w.org\/{rel}","templated":true}]}}